{"id":28951,"date":"2024-09-01T18:53:52","date_gmt":"2024-09-01T16:53:52","guid":{"rendered":"https:\/\/preprod.ambientodeco.com\/?page_id=28951"},"modified":"2025-02-02T07:13:19","modified_gmt":"2025-02-02T06:13:19","slug":"workshops","status":"publish","type":"page","link":"https:\/\/preprod.ambientodeco.com\/fr\/workshops\/","title":{"rendered":"Ateliers"},"content":{"rendered":"<h1 class=\"wp-block-heading\" style=\"margin-top:var(--wp--preset--spacing--80)\">Ateliers<\/h1><p>Chez AmbienTo D\u00e9co, la r\u00e9utilisation de vieux meubles et de mat\u00e9riaux est primordiale pour garantir qu'aucun d\u00e9chet ne soit g\u00e9n\u00e9r\u00e9. Nous fabriquons des meubles neufs avec un impact environnemental faible, voire nul, en r\u00e9cup\u00e9rant des meubles jet\u00e9s et en leur offrant une seconde vie. En adoptant la m\u00eame approche que pour notre Eco-Shop, nous avons pour objectif de vous enseigner les comp\u00e9tences n\u00e9cessaires pour que vous puissiez faire de m\u00eame chez vous. Notre but est de vous inspirer et de vous fournir les outils n\u00e9cessaires pour cr\u00e9er des pi\u00e8ces de d\u00e9coration innovantes \u00e0 partir d'objets et de mat\u00e9riaux r\u00e9utilis\u00e9s.<\/p><div class=\"wp-block-cover alignwide\"><span aria-hidden=\"true\" class=\"wp-block-cover__background has-background-dim\"><\/span><img loading=\"lazy\" decoding=\"async\" width=\"1024\" height=\"576\" class=\"wp-block-cover__image-background wp-image-29462\" alt=\"\" src=\"https:\/\/preprod.ambientodeco.com\/wp-content\/uploads\/2024\/10\/Inspiracion-logo-1024x576.png\" data-object-fit=\"cover\" srcset=\"https:\/\/preprod.ambientodeco.com\/wp-content\/uploads\/2024\/10\/Inspiracion-logo-1024x576.png 1024w, https:\/\/preprod.ambientodeco.com\/wp-content\/uploads\/2024\/10\/Inspiracion-logo-300x169.png 300w, https:\/\/preprod.ambientodeco.com\/wp-content\/uploads\/2024\/10\/Inspiracion-logo-768x432.png 768w, https:\/\/preprod.ambientodeco.com\/wp-content\/uploads\/2024\/10\/Inspiracion-logo-1536x864.png 1536w, https:\/\/preprod.ambientodeco.com\/wp-content\/uploads\/2024\/10\/Inspiracion-logo-18x10.png 18w, https:\/\/preprod.ambientodeco.com\/wp-content\/uploads\/2024\/10\/Inspiracion-logo-1320x743.png 1320w, https:\/\/preprod.ambientodeco.com\/wp-content\/uploads\/2024\/10\/Inspiracion-logo-600x338.png 600w, https:\/\/preprod.ambientodeco.com\/wp-content\/uploads\/2024\/10\/Inspiracion-logo.png 1920w\" sizes=\"auto, (max-width: 1024px) 100vw, 1024px\" \/><div class=\"wp-block-cover__inner-container is-layout-flow wp-block-cover-is-layout-flow\"><h2 class=\"wp-block-heading has-text-align-center has-ast-global-color-6-color has-text-color has-link-color has-large-font-size wp-elements-111c22d4de575e376099c8a96c0c8862\">Crafting Basics<\/h2>\n\n<p class=\"has-text-align-center\">Plus qu\u2019une activit\u00e9 de bricolage, c\u2019est une plateforme d\u2019expression artistique eco-responsable.<\/p>\n\n<div ><style>#sp-ea-32195 .spcollapsing { height: 0; overflow: hidden; transition-property: height;transition-duration: 300ms;}#sp-ea-32195.sp-easy-accordion>.sp-ea-single {margin-bottom: 10px; border: 1px solid #e2e2e2; }#sp-ea-32195.sp-easy-accordion>.sp-ea-single>.ea-header a {color: #000000;}#sp-ea-32195.sp-easy-accordion>.sp-ea-single>.sp-collapse>.ea-body {background: #fff; color: #000000;}#sp-ea-32195.sp-easy-accordion>.sp-ea-single {background: #eee;}#sp-ea-32195.sp-easy-accordion>.sp-ea-single>.ea-header a .ea-expand-icon { float: left; color: #444;font-size: 16px;}.ea-body{\r\nfont-size: 12px;\r\ntext-align: justify;\r\n}<\/style><div id=\"sp_easy_accordion-1738474957\"><div id=\"sp-ea-32195\" class=\"sp-ea-one sp-easy-accordion\" data-ea-active=\"ea-click\" data-ea-mode=\"vertical\" data-preloader=\"\" data-scroll-active-item=\"\" data-offset-to-scroll=\"0\"><div class=\"ea-card sp-ea-single\"><h3 class=\"ea-header\"><a class=\"collapsed\" id=\"ea-header-321950\" role=\"button\" data-sptoggle=\"spcollapse\" data-sptarget=\"#collapse321950\" aria-controls=\"collapse321950\" href=\"#\" aria-expanded=\"false\" tabindex=\"0\"><i aria-hidden=\"true\" role=\"presentation\" class=\"ea-expand-icon eap-icon-ea-expand-plus\"><\/i> Trop de D\u00e9chets<\/a><\/h3><div class=\"sp-collapse spcollapse spcollapse\" id=\"collapse321950\" data-parent=\"#sp-ea-32195\" role=\"region\" aria-labelledby=\"ea-header-321950\"> <div class=\"ea-body\"><p>Avez-vous d\u00e9j\u00e0 consid\u00e9r\u00e9 la quantit\u00e9 de d\u00e9chets que nous produisons sans que nous nous en rendions compte?<\/p><p>Est une pratique respectueuse de l&#8217;environnement qui permet de donner une seconde vie \u00e0 des objets ou mat\u00e9riaux qui seraient autrement jet\u00e9s.<\/p><\/div><\/div><\/div><div class=\"ea-card sp-ea-single\"><h3 class=\"ea-header\"><a class=\"collapsed\" id=\"ea-header-321951\" role=\"button\" data-sptoggle=\"spcollapse\" data-sptarget=\"#collapse321951\" aria-controls=\"collapse321951\" href=\"#\" aria-expanded=\"false\" tabindex=\"0\"><i aria-hidden=\"true\" role=\"presentation\" class=\"ea-expand-icon eap-icon-ea-expand-plus\"><\/i> Objectif<\/a><\/h3><div class=\"sp-collapse spcollapse spcollapse\" id=\"collapse321951\" data-parent=\"#sp-ea-32195\" role=\"region\" aria-labelledby=\"ea-header-321951\"> <div class=\"ea-body\"><ul><li>Sensibiliser les citoyens pour devenir acteur du changement dans le d\u00e9veloppement durable. Cr\u00e9er des lieux de rencontre pour sociabiliser et transformer les d\u00e9chets en pi\u00e8ces cr\u00e9atives.<\/li><li>R\u00e9duire les d\u00e9chets encombrants dans notre commune, tout en augmentant la productivit\u00e9 et l&#8217;esprit d&#8217;\u00e9quipe.<\/li><li>Apprendre et se familiariser avec les outils du bricolage \u00e9l\u00e9ctriques.<\/li><li>Inclure la femme et les filles dans ce type de travaux de r\u00e9paration et d\u00e9mystifier l\u2019utilisation d\u2019\u00e9quipements lourds habituellement r\u00e9serv\u00e9s presque exclusivement aux hommes.<\/li><li>Acqu\u00e9rir des connaissances de DIY<\/li><\/ul><\/div><\/div><\/div><div class=\"ea-card sp-ea-single\"><h3 class=\"ea-header\"><a class=\"collapsed\" id=\"ea-header-321952\" role=\"button\" data-sptoggle=\"spcollapse\" data-sptarget=\"#collapse321952\" aria-controls=\"collapse321952\" href=\"#\" aria-expanded=\"false\" tabindex=\"0\"><i aria-hidden=\"true\" role=\"presentation\" class=\"ea-expand-icon eap-icon-ea-expand-plus\"><\/i> Comment?<\/a><\/h3><div class=\"sp-collapse spcollapse spcollapse\" id=\"collapse321952\" data-parent=\"#sp-ea-32195\" role=\"region\" aria-labelledby=\"ea-header-321952\"> <div class=\"ea-body\"><ul><li>Je vais vous guider pour customiser un objet \u00e0 partir de la r\u00e9cup\u00e9ration.<\/li><li>Apprendre \u00e0 poncer, tapisser, percer et visser. Le tout avec des outils \u00e9lectriques.<\/li><li>Peindre avec des techniques selon votre go\u00fbt et mes conseils.<\/li><\/ul><\/div><\/div><\/div><\/div><\/div><\/div>\n\n<div class=\"wp-block-file\"><a href=\"https:\/\/preprod.ambientodeco.com\/wp-content\/uploads\/2025\/02\/base-du-bricolagecentre-loisirs-1.pdf\" class=\"wp-block-file__button wp-element-button\" download>Download Flyer<\/a><\/div><\/div><\/div><div style=\"height:26px\" aria-hidden=\"true\" class=\"wp-block-spacer\"><\/div><div class=\"wp-block-cover alignwide\"><span aria-hidden=\"true\" class=\"wp-block-cover__background has-background-dim\"><\/span><img loading=\"lazy\" decoding=\"async\" width=\"1024\" height=\"576\" class=\"wp-block-cover__image-background wp-image-29464\" alt=\"\" src=\"https:\/\/preprod.ambientodeco.com\/wp-content\/uploads\/2024\/10\/Inspiracion-logo-2-1024x576.png\" data-object-fit=\"cover\" srcset=\"https:\/\/preprod.ambientodeco.com\/wp-content\/uploads\/2024\/10\/Inspiracion-logo-2-1024x576.png 1024w, https:\/\/preprod.ambientodeco.com\/wp-content\/uploads\/2024\/10\/Inspiracion-logo-2-300x169.png 300w, https:\/\/preprod.ambientodeco.com\/wp-content\/uploads\/2024\/10\/Inspiracion-logo-2-768x432.png 768w, https:\/\/preprod.ambientodeco.com\/wp-content\/uploads\/2024\/10\/Inspiracion-logo-2-1536x864.png 1536w, https:\/\/preprod.ambientodeco.com\/wp-content\/uploads\/2024\/10\/Inspiracion-logo-2-18x10.png 18w, https:\/\/preprod.ambientodeco.com\/wp-content\/uploads\/2024\/10\/Inspiracion-logo-2-1320x743.png 1320w, https:\/\/preprod.ambientodeco.com\/wp-content\/uploads\/2024\/10\/Inspiracion-logo-2-600x338.png 600w, https:\/\/preprod.ambientodeco.com\/wp-content\/uploads\/2024\/10\/Inspiracion-logo-2.png 1920w\" sizes=\"auto, (max-width: 1024px) 100vw, 1024px\" \/><div class=\"wp-block-cover__inner-container is-layout-flow wp-block-cover-is-layout-flow\"><h2 class=\"wp-block-heading has-text-align-center has-ast-global-color-6-color has-text-color has-link-color has-large-font-size wp-elements-b126abf3cb36ed7fe32595adde2ea1e2\">Teambuilding<\/h2>\n\n<p>Stimuler le travail d\u2019\u00e9quipe tout en faisant prendre conscience de la responsabilit\u00e9 environnementale au niveau individuel et collectif; cr\u00e9ant ainsi un lien d\u2019appartenance avec l\u2019entreprise, \u2026c\u2019est ce que nous proposons dans cet atelier.<\/p>\n\n<div ><style>#sp-ea-32207 .spcollapsing { height: 0; overflow: hidden; transition-property: height;transition-duration: 300ms;}#sp-ea-32207.sp-easy-accordion>.sp-ea-single {margin-bottom: 10px; border: 1px solid #e2e2e2; }#sp-ea-32207.sp-easy-accordion>.sp-ea-single>.ea-header a {color: #000000;}#sp-ea-32207.sp-easy-accordion>.sp-ea-single>.sp-collapse>.ea-body {background: #fff; color: #000000;}#sp-ea-32207.sp-easy-accordion>.sp-ea-single {background: #eee;}#sp-ea-32207.sp-easy-accordion>.sp-ea-single>.ea-header a .ea-expand-icon { float: left; color: #444;font-size: 16px;}.ea-body{\r\nfont-size: 12px;\r\ntext-align: justify;\r\n}<\/style><div id=\"sp_easy_accordion-1738476124\"><div id=\"sp-ea-32207\" class=\"sp-ea-one sp-easy-accordion\" data-ea-active=\"ea-click\" data-ea-mode=\"vertical\" data-preloader=\"\" data-scroll-active-item=\"\" data-offset-to-scroll=\"0\"><div class=\"ea-card sp-ea-single\"><h3 class=\"ea-header\"><a class=\"collapsed\" id=\"ea-header-322070\" role=\"button\" data-sptoggle=\"spcollapse\" data-sptarget=\"#collapse322070\" aria-controls=\"collapse322070\" href=\"#\" aria-expanded=\"false\" tabindex=\"0\"><i aria-hidden=\"true\" role=\"presentation\" class=\"ea-expand-icon eap-icon-ea-expand-plus\"><\/i> R\u00e9sultats visibles pour votre entreprise<\/a><\/h3><div class=\"sp-collapse spcollapse spcollapse\" id=\"collapse322070\" data-parent=\"#sp-ea-32207\" role=\"region\" aria-labelledby=\"ea-header-322070\"> <div class=\"ea-body\"><p><strong><em>Renforcer du lien au sein des \u00e9quipes et favoriser la<\/em> co-construction:<\/strong> L\u2019\u00eatre humain et son interaction avec ses coll\u00e8gues est un point essentiel dans une organisation agr\u00e9able et efficace. L\u2019atelier permet \u00e0 chacun de mieux se conna\u00eetre dans un contexte diff\u00e9rent.<\/p><p><strong><em>Prendre conscience des talents individuels et collectifs<\/em> &amp; booster la cr\u00e9ativit\u00e9:<\/strong> S\u2019adonner \u00e0 une discipline nouvelle, permet \u00e0 certains de d\u00e9couvrir de nouveaux talents ou d\u2019en d\u00e9couvrir aupr\u00e8s de ses coll\u00e8gues.<\/p><p>Renforcer l\u2019adh\u00e9sion avec les valeurs et l\u2019engagement<br \/><strong><em>Responsabilit\u00e9 Sociale et Environnementale de<\/em> l\u2019entreprise:<\/strong> L\u2019atelier permet de faire passer un message sur la RSE et faire prendre conscience \u00e0 chacun au niveau individuel et collectif de sa responsabilit\u00e9 soci\u00e9tale et environnementale, s\u2019appuyant notamment sur l\u2019exemple du gaspillage dans l\u2019entreprise et l\u2019impact concret que chacun peut avoir dans et pour son environnement. Le module sera adapt\u00e9 en fonction des objectifs RSE de chaque entreprise afin que les messages fondamentaux en lien soient renforc\u00e9s aupr\u00e8s des collaborateurs.<\/p><\/div><\/div><\/div><div class=\"ea-card sp-ea-single\"><h3 class=\"ea-header\"><a class=\"collapsed\" id=\"ea-header-322071\" role=\"button\" data-sptoggle=\"spcollapse\" data-sptarget=\"#collapse322071\" aria-controls=\"collapse322071\" href=\"#\" aria-expanded=\"false\" tabindex=\"0\"><i aria-hidden=\"true\" role=\"presentation\" class=\"ea-expand-icon eap-icon-ea-expand-plus\"><\/i> Objectif<\/a><\/h3><div class=\"sp-collapse spcollapse spcollapse\" id=\"collapse322071\" data-parent=\"#sp-ea-32207\" role=\"region\" aria-labelledby=\"ea-header-322071\"> <div class=\"ea-body\"><ul><li>R\u00e9duire les d\u00e9chets&#8230; particuli\u00e8rement le papier et le carton, tout en augmentant la productivit\u00e9 et l&#8217;esprit d&#8217;\u00e9quipe.<\/li><li>S\u2019\u00e9panouir collectivement et de d\u00e9velopper l\u2019\u00e9mulation\u00a0commune \u00e0 travers le faire-ensemble, tout en favorisant\u00a0la cr\u00e9ativit\u00e9 dans un environnement convivial et accueillant.<\/li><li>Unis par la cr\u00e9ativit\u00e9 en cultivant l\u2019\u00e9lan et la passion de l&#8217;upcycling en \u00e9quipe.<\/li><\/ul><\/div><\/div><\/div><div class=\"ea-card sp-ea-single\"><h3 class=\"ea-header\"><a class=\"collapsed\" id=\"ea-header-322072\" role=\"button\" data-sptoggle=\"spcollapse\" data-sptarget=\"#collapse322072\" aria-controls=\"collapse322072\" href=\"#\" aria-expanded=\"false\" tabindex=\"0\"><i aria-hidden=\"true\" role=\"presentation\" class=\"ea-expand-icon eap-icon-ea-expand-plus\"><\/i> Comment?<\/a><\/h3><div class=\"sp-collapse spcollapse spcollapse\" id=\"collapse322072\" data-parent=\"#sp-ea-32207\" role=\"region\" aria-labelledby=\"ea-header-322072\"> <div class=\"ea-body\"><ul><li><em><strong>Collecte pr\u00e9alable des mat\u00e9riaux:<\/strong><\/em> Le personnel collecte des emballages en carton pour prendre conscience du gaspillage.<br \/><em><strong>Atelier d&#8217;upcycling:<\/strong><\/em> Les employ\u00e9s travaillent en \u00e9quipe pour cr\u00e9er des \u0153uvres \u00e0 partir des mat\u00e9riaux collect\u00e9s, favorisant ainsi le travail d&#8217;\u00e9quipe et la cr\u00e9ativit\u00e9.<br \/><strong><em>Pr\u00e9sentation et partage:<\/em><\/strong> Chaque groupe expose son travail, partage sa strat\u00e9gie et ses d\u00e9fis, favorisant ainsi l&#8217;apprentissage mutuel et la coop\u00e9ration.<\/li><\/ul><\/div><\/div><\/div><\/div><\/div><\/div>\n\n<div class=\"wp-block-file\"><a href=\"https:\/\/preprod.ambientodeco.com\/wp-content\/uploads\/2025\/02\/Teambuilding-modifie-2.6.pdf\" class=\"wp-block-file__button wp-element-button\" download>Download Flyer<\/a><\/div><\/div><\/div><div style=\"height:26px\" aria-hidden=\"true\" class=\"wp-block-spacer\"><\/div><div class=\"wp-block-cover alignwide\"><span aria-hidden=\"true\" class=\"wp-block-cover__background has-background-dim\"><\/span><img loading=\"lazy\" decoding=\"async\" width=\"1024\" height=\"576\" class=\"wp-block-cover__image-background wp-image-29463\" alt=\"\" src=\"https:\/\/preprod.ambientodeco.com\/wp-content\/uploads\/2024\/10\/Inspiracion-logo-3-1024x576.png\" data-object-fit=\"cover\" srcset=\"https:\/\/preprod.ambientodeco.com\/wp-content\/uploads\/2024\/10\/Inspiracion-logo-3-1024x576.png 1024w, https:\/\/preprod.ambientodeco.com\/wp-content\/uploads\/2024\/10\/Inspiracion-logo-3-300x169.png 300w, https:\/\/preprod.ambientodeco.com\/wp-content\/uploads\/2024\/10\/Inspiracion-logo-3-768x432.png 768w, https:\/\/preprod.ambientodeco.com\/wp-content\/uploads\/2024\/10\/Inspiracion-logo-3-1536x864.png 1536w, https:\/\/preprod.ambientodeco.com\/wp-content\/uploads\/2024\/10\/Inspiracion-logo-3-18x10.png 18w, https:\/\/preprod.ambientodeco.com\/wp-content\/uploads\/2024\/10\/Inspiracion-logo-3-1320x743.png 1320w, https:\/\/preprod.ambientodeco.com\/wp-content\/uploads\/2024\/10\/Inspiracion-logo-3-600x338.png 600w, https:\/\/preprod.ambientodeco.com\/wp-content\/uploads\/2024\/10\/Inspiracion-logo-3.png 1920w\" sizes=\"auto, (max-width: 1024px) 100vw, 1024px\" \/><div class=\"wp-block-cover__inner-container is-layout-flow wp-block-cover-is-layout-flow\"><h2 class=\"wp-block-heading has-text-align-center has-ast-global-color-6-color has-text-color has-link-color has-large-font-size wp-elements-6b286e78ddec0b5c7e6de648da350e65\">Eco-Furniture<\/h2>\n\n<p><\/p><\/div><\/div>","protected":false},"excerpt":{"rendered":"<p>Workshops At AmbienTo D\u00e9co, the reutilization of old furniture and materials is of utmost importance to ensure nothing goes to [&hellip;]<\/p>","protected":false},"author":1,"featured_media":0,"parent":0,"menu_order":0,"comment_status":"closed","ping_status":"closed","template":"","meta":{"site-sidebar-layout":"default","site-content-layout":"","ast-site-content-layout":"","site-content-style":"default","site-sidebar-style":"default","ast-global-header-display":"","ast-banner-title-visibility":"","ast-main-header-display":"","ast-hfb-above-header-display":"","ast-hfb-below-header-display":"","ast-hfb-mobile-header-display":"","site-post-title":"disabled","ast-breadcrumbs-content":"","ast-featured-img":"","footer-sml-layout":"","theme-transparent-header-meta":"","adv-header-id-meta":"","stick-header-meta":"","header-above-stick-meta":"","header-main-stick-meta":"","header-below-stick-meta":"","astra-migrate-meta-layouts":"default","ast-page-background-enabled":"default","ast-page-background-meta":{"desktop":{"background-color":"var(--ast-global-color-4)","background-image":"","background-repeat":"repeat","background-position":"center center","background-size":"auto","background-attachment":"scroll","background-type":"","background-media":"","overlay-type":"","overlay-color":"","overlay-opacity":"","overlay-gradient":""},"tablet":{"background-color":"","background-image":"","background-repeat":"repeat","background-position":"center center","background-size":"auto","background-attachment":"scroll","background-type":"","background-media":"","overlay-type":"","overlay-color":"","overlay-opacity":"","overlay-gradient":""},"mobile":{"background-color":"","background-image":"","background-repeat":"repeat","background-position":"center center","background-size":"auto","background-attachment":"scroll","background-type":"","background-media":"","overlay-type":"","overlay-color":"","overlay-opacity":"","overlay-gradient":""}},"ast-content-background-meta":{"desktop":{"background-color":"var(--ast-global-color-5)","background-image":"","background-repeat":"repeat","background-position":"center center","background-size":"auto","background-attachment":"scroll","background-type":"","background-media":"","overlay-type":"","overlay-color":"","overlay-opacity":"","overlay-gradient":""},"tablet":{"background-color":"var(--ast-global-color-5)","background-image":"","background-repeat":"repeat","background-position":"center center","background-size":"auto","background-attachment":"scroll","background-type":"","background-media":"","overlay-type":"","overlay-color":"","overlay-opacity":"","overlay-gradient":""},"mobile":{"background-color":"var(--ast-global-color-5)","background-image":"","background-repeat":"repeat","background-position":"center center","background-size":"auto","background-attachment":"scroll","background-type":"","background-media":"","overlay-type":"","overlay-color":"","overlay-opacity":"","overlay-gradient":""}},"footnotes":""},"class_list":["post-28951","page","type-page","status-publish","hentry"],"_links":{"self":[{"href":"https:\/\/preprod.ambientodeco.com\/fr\/wp-json\/wp\/v2\/pages\/28951","targetHints":{"allow":["GET"]}}],"collection":[{"href":"https:\/\/preprod.ambientodeco.com\/fr\/wp-json\/wp\/v2\/pages"}],"about":[{"href":"https:\/\/preprod.ambientodeco.com\/fr\/wp-json\/wp\/v2\/types\/page"}],"author":[{"embeddable":true,"href":"https:\/\/preprod.ambientodeco.com\/fr\/wp-json\/wp\/v2\/users\/1"}],"replies":[{"embeddable":true,"href":"https:\/\/preprod.ambientodeco.com\/fr\/wp-json\/wp\/v2\/comments?post=28951"}],"version-history":[{"count":24,"href":"https:\/\/preprod.ambientodeco.com\/fr\/wp-json\/wp\/v2\/pages\/28951\/revisions"}],"predecessor-version":[{"id":32211,"href":"https:\/\/preprod.ambientodeco.com\/fr\/wp-json\/wp\/v2\/pages\/28951\/revisions\/32211"}],"wp:attachment":[{"href":"https:\/\/preprod.ambientodeco.com\/fr\/wp-json\/wp\/v2\/media?parent=28951"}],"curies":[{"name":"wp","href":"https:\/\/api.w.org\/{rel}","templated":true}]}}