{"id":28985,"date":"2024-09-03T21:31:55","date_gmt":"2024-09-03T19:31:55","guid":{"rendered":"https:\/\/preprod.ambientodeco.com\/?page_id=28985"},"modified":"2025-01-24T00:27:14","modified_gmt":"2025-01-23T23:27:14","slug":"about-me","status":"publish","type":"page","link":"https:\/\/preprod.ambientodeco.com\/fr\/about-me\/","title":{"rendered":"\u00c0 propos"},"content":{"rendered":"<div class=\"wp-block-columns alignwide are-vertically-aligned-center is-layout-flex wp-container-core-columns-is-layout-72d77129 wp-block-columns-is-layout-flex\" style=\"margin-right:0;margin-left:0;padding-top:5rem;padding-right:0.5rem;padding-left:0.5rem\"><div class=\"wp-block-column is-layout-flow wp-block-column-is-layout-flow\" style=\"flex-basis:39%\"><figure class=\"wp-block-image aligncenter\"><img loading=\"lazy\" decoding=\"async\" width=\"644\" height=\"1024\" src=\"https:\/\/preprod.ambientodeco.com\/wp-content\/uploads\/2024\/11\/Collage-de-fotos-ABOUT-ME-e1731365555576-644x1024.png\" alt=\"\" class=\"wp-image-30135\" style=\"box-shadow:none\" srcset=\"https:\/\/preprod.ambientodeco.com\/wp-content\/uploads\/2024\/11\/Collage-de-fotos-ABOUT-ME-e1731365555576-644x1024.png 644w, https:\/\/preprod.ambientodeco.com\/wp-content\/uploads\/2024\/11\/Collage-de-fotos-ABOUT-ME-e1731365555576-189x300.png 189w, https:\/\/preprod.ambientodeco.com\/wp-content\/uploads\/2024\/11\/Collage-de-fotos-ABOUT-ME-e1731365555576-768x1221.png 768w, https:\/\/preprod.ambientodeco.com\/wp-content\/uploads\/2024\/11\/Collage-de-fotos-ABOUT-ME-e1731365555576-966x1536.png 966w, https:\/\/preprod.ambientodeco.com\/wp-content\/uploads\/2024\/11\/Collage-de-fotos-ABOUT-ME-e1731365555576-8x12.png 8w, https:\/\/preprod.ambientodeco.com\/wp-content\/uploads\/2024\/11\/Collage-de-fotos-ABOUT-ME-e1731365555576-15x24.png 15w, https:\/\/preprod.ambientodeco.com\/wp-content\/uploads\/2024\/11\/Collage-de-fotos-ABOUT-ME-e1731365555576-23x36.png 23w, https:\/\/preprod.ambientodeco.com\/wp-content\/uploads\/2024\/11\/Collage-de-fotos-ABOUT-ME-e1731365555576-30x48.png 30w, https:\/\/preprod.ambientodeco.com\/wp-content\/uploads\/2024\/11\/Collage-de-fotos-ABOUT-ME-e1731365555576-600x954.png 600w, https:\/\/preprod.ambientodeco.com\/wp-content\/uploads\/2024\/11\/Collage-de-fotos-ABOUT-ME-e1731365555576.png 1030w\" sizes=\"auto, (max-width: 644px) 100vw, 644px\" \/><\/figure><\/div>\n\n<div class=\"wp-block-column is-layout-flow wp-block-column-is-layout-flow\" style=\"flex-basis:61%\"><div class=\"wp-block-group alignfull is-content-justification-center is-layout-constrained wp-block-group-is-layout-constrained\"><h2 class=\"wp-block-heading alignfull\" style=\"padding-right:0rem;padding-left:0rem\">Sandra Grunauer &amp; architecture \u00e9co-durable<\/h2>\n\n<p class=\"textojustificado\">Hello! I\u2019m Sandra Grunauer, an interior architect specialized in creating spaces that promote well-being and harmony. My approach is centered around creatively designing healthy, efficient, and environmentally friendly environments, optimizing each space to enhance the quality of life for those who inhabit it.<\/p>\n\n<h3 class=\"wp-block-heading alignfull\">Mon parcours<\/h3>\n\n<p class=\"textojustificado\" style=\"margin-bottom:-1rem\">Depuis mon enfance, il y avait des signes de ma forte connexion avec le design cr\u00e9atif, et aujourd'hui, je suis heureuse d'avoir pr\u00eat\u00e9 attention aux changements sociaux et environnementaux contemporains. Cette prise de conscience m'a permis d'int\u00e9grer facilement le design d'int\u00e9rieur avec des concepts durables.<\/p>\n\n<p class=\"textojustificado\" style=\"margin-bottom:-1rem\">I am convinced that I have found my purpose, and being exposed to other professional fields has not been a challenge but rather an advantage that sets me apart from other advocates for ecology. Growing up, I nurtured an eye for innovation simply by playing freely with Lego bricks and my grandfather&#8217;s carpentry tools. During my college years, I studied at the Peruvian Institute of Advertising and worked in the Advertising and Marketing sector in Lima, Peru.<\/p>\n\n<div style=\"height:1px\" aria-hidden=\"true\" class=\"wp-block-spacer\"><\/div>\n\n<div class=\"wp-block-group is-nowrap is-layout-flex wp-container-core-group-is-layout-6c531013 wp-block-group-is-layout-flex\"><figure class=\"wp-block-image aligncenter size-full is-resized\"><img loading=\"lazy\" decoding=\"async\" width=\"200\" height=\"200\" src=\"https:\/\/preprod.ambientodeco.com\/wp-content\/uploads\/2025\/01\/instituto_peruano_de_publicidad_logo-1.jpeg\" alt=\"\" class=\"wp-image-32126\" style=\"width:72px;height:auto\" srcset=\"https:\/\/preprod.ambientodeco.com\/wp-content\/uploads\/2025\/01\/instituto_peruano_de_publicidad_logo-1.jpeg 200w, https:\/\/preprod.ambientodeco.com\/wp-content\/uploads\/2025\/01\/instituto_peruano_de_publicidad_logo-1-150x150.jpeg 150w, https:\/\/preprod.ambientodeco.com\/wp-content\/uploads\/2025\/01\/instituto_peruano_de_publicidad_logo-1-12x12.jpeg 12w, https:\/\/preprod.ambientodeco.com\/wp-content\/uploads\/2025\/01\/instituto_peruano_de_publicidad_logo-1-24x24.jpeg 24w, https:\/\/preprod.ambientodeco.com\/wp-content\/uploads\/2025\/01\/instituto_peruano_de_publicidad_logo-1-36x36.jpeg 36w, https:\/\/preprod.ambientodeco.com\/wp-content\/uploads\/2025\/01\/instituto_peruano_de_publicidad_logo-1-48x48.jpeg 48w, https:\/\/preprod.ambientodeco.com\/wp-content\/uploads\/2025\/01\/instituto_peruano_de_publicidad_logo-1-100x100.jpeg 100w\" sizes=\"auto, (max-width: 200px) 100vw, 200px\" \/><\/figure>\n\n<p class=\"has-text-align-center\"><strong>Dipl\u00f4me de publicit\u00e9 et marketing<\/strong><\/p>\n\n<p>Instituto Peruano de Publicidad<\/p>\n\n<p class=\"has-text-align-center\"><br><\/p><\/div>\n\n<p class=\"textojustificado\">Par la suite, l'ann\u00e9e 2000 a marqu\u00e9 le d\u00e9but d'un nouveau chapitre de ma vie \u00e0 Gen\u00e8ve, en Suisse. L\u00e0, j'ai obtenu un dipl\u00f4me en Commerce \u00e0 l'IFAGE et travaill\u00e9 dans le domaine administratif. Cependant, le v\u00e9ritable tournant est survenu en 2016, lorsque j'ai compl\u00e9t\u00e9 ma formation en Architecture d'Int\u00e9rieur \u00e0 l'Institut IPAC DESIGN GENEVE. Cette r\u00e9alisation a jet\u00e9 les bases du lancement d'AmbienTo D\u00e9co en 2021.<\/p>\n\n<div class=\"wp-block-columns is-layout-flex wp-container-core-columns-is-layout-28f84493 wp-block-columns-is-layout-flex\"><div class=\"wp-block-column is-layout-flow wp-block-column-is-layout-flow\"><div class=\"wp-block-group is-nowrap is-layout-flex wp-container-core-group-is-layout-6c531013 wp-block-group-is-layout-flex\"><figure class=\"wp-block-image aligncenter size-full is-resized\"><img loading=\"lazy\" decoding=\"async\" width=\"200\" height=\"200\" src=\"https:\/\/preprod.ambientodeco.com\/wp-content\/uploads\/2025\/01\/ifage_logo-1.jpeg\" alt=\"\" class=\"wp-image-32131\" style=\"width:76px;height:auto\" srcset=\"https:\/\/preprod.ambientodeco.com\/wp-content\/uploads\/2025\/01\/ifage_logo-1.jpeg 200w, https:\/\/preprod.ambientodeco.com\/wp-content\/uploads\/2025\/01\/ifage_logo-1-150x150.jpeg 150w, https:\/\/preprod.ambientodeco.com\/wp-content\/uploads\/2025\/01\/ifage_logo-1-12x12.jpeg 12w, https:\/\/preprod.ambientodeco.com\/wp-content\/uploads\/2025\/01\/ifage_logo-1-24x24.jpeg 24w, https:\/\/preprod.ambientodeco.com\/wp-content\/uploads\/2025\/01\/ifage_logo-1-36x36.jpeg 36w, https:\/\/preprod.ambientodeco.com\/wp-content\/uploads\/2025\/01\/ifage_logo-1-48x48.jpeg 48w, https:\/\/preprod.ambientodeco.com\/wp-content\/uploads\/2025\/01\/ifage_logo-1-100x100.jpeg 100w\" sizes=\"auto, (max-width: 200px) 100vw, 200px\" \/><\/figure>\n\n<p class=\"has-text-align-center\"><strong>Certificat F\u00e9d\u00e9rale de Commerce (CFC)<\/strong><\/p>\n\n<p class=\"has-text-align-center\">IFAGE<\/p><\/div><\/div><\/div>\n\n<div class=\"wp-block-group is-nowrap is-layout-flex wp-container-core-group-is-layout-6c531013 wp-block-group-is-layout-flex\"><figure class=\"wp-block-image size-full is-resized\"><img loading=\"lazy\" decoding=\"async\" width=\"225\" height=\"225\" src=\"https:\/\/preprod.ambientodeco.com\/wp-content\/uploads\/2025\/01\/images-3.jpg\" alt=\"\" class=\"wp-image-32147\" style=\"width:76px;height:auto\" srcset=\"https:\/\/preprod.ambientodeco.com\/wp-content\/uploads\/2025\/01\/images-3.jpg 225w, https:\/\/preprod.ambientodeco.com\/wp-content\/uploads\/2025\/01\/images-3-150x150.jpg 150w, https:\/\/preprod.ambientodeco.com\/wp-content\/uploads\/2025\/01\/images-3-12x12.jpg 12w, https:\/\/preprod.ambientodeco.com\/wp-content\/uploads\/2025\/01\/images-3-24x24.jpg 24w, https:\/\/preprod.ambientodeco.com\/wp-content\/uploads\/2025\/01\/images-3-36x36.jpg 36w, https:\/\/preprod.ambientodeco.com\/wp-content\/uploads\/2025\/01\/images-3-48x48.jpg 48w, https:\/\/preprod.ambientodeco.com\/wp-content\/uploads\/2025\/01\/images-3-100x100.jpg 100w\" sizes=\"auto, (max-width: 225px) 100vw, 225px\" \/><\/figure>\n\n<p class=\"has-text-align-center\"><strong>Certificat d'aptitude professionnelle, architecture d'int\u00e9rieur<\/strong><\/p>\n\n<p>IPAC Design Gen\u00e8ve<\/p><\/div>\n\n<h3 class=\"wp-block-heading alignfull\">La valeur que je peux apporter \u00e0 vous et \u00e0 vos espaces<\/h3>\n\n<p class=\"textojustificado\" style=\"margin-bottom:-1rem\">La d\u00e9coration et la r\u00e9novation sont mes passions actuelles car elles me permettent de lib\u00e9rer ma cr\u00e9ativit\u00e9, m\u00eame dans les plus petites pi\u00e8ces disponibles \u00e0 Gen\u00e8ve. Il faut garder \u00e0 l'esprit que de nombreuses familles suisses vivent dans des espaces de 60 m\u00b2 avec 2 ou m\u00eame 3 chambres, y compris un balcon, o\u00f9 elles doivent naviguer entre les couloirs et les autres pi\u00e8ces. Cependant, je ne travaille pas uniquement avec des particuliers ; je collabore \u00e9galement avec de grandes entreprises. Je privil\u00e9gie l'optimisation de chaque d\u00e9tail comme si j'\u00e9tais propri\u00e9taire de l'espace. Mes projets commencent toujours par une analyse approfondie de l'espace, suivie d'une proposition rendue et mat\u00e9rialis\u00e9e.<\/p>\n\n<p class=\"textojustificado\" style=\"margin-bottom:-1rem\">Ne me contentant pas d'offrir des services personnalis\u00e9s, j'ai d\u00e9cid\u00e9 de passer \u00e0 l'\u00e9chelle sup\u00e9rieure en publiant trois ateliers destin\u00e9s aux clients ayant des difficult\u00e9s avec leur mode de vie et leurs flux de travail. Ces ateliers s'adressent aux personnes \u00e2g\u00e9es privil\u00e9giant la mobilit\u00e9, aux entreprises ax\u00e9es sur la Responsabilit\u00e9 Soci\u00e9tale des Entreprises (RSE), ainsi qu'aux commerces cherchant \u00e0 renouveler leur merchandising visuel.<\/p>\n\n<p class=\"textojustificado\" style=\"margin-bottom:-1rem\">De plus, j'ai franchi un cap en ouvrant ma propre boutique \u00e9co-responsable, o\u00f9 je vends des meubles d\u00e9coratifs et des \u0153uvres d'art fabriqu\u00e9es \u00e0 partir de mat\u00e9riaux r\u00e9cup\u00e9r\u00e9s. Cette initiative d\u00e9montre que les objets peuvent \u00eatre r\u00e9utilisables et que les march\u00e9s aux puces ont un v\u00e9ritable r\u00f4le \u00e0 jouer.<\/p>\n\n<p class=\"textojustificado\">En conclusion, je suis d\u00e9termin\u00e9e \u00e0 transmettre des valeurs durables \u00e0 tous ceux qui en sont int\u00e9ress\u00e9s, des valeurs qui peuvent \u00eatre appliqu\u00e9es dans tous les aspects de nos vies et utilis\u00e9es jusqu'\u00e0 leur v\u00e9ritable usure. La vie nous offre des chances infinies\u2014alors pourquoi ne pas \u00e9tendre ce principe \u00e0 notre environnement ?<\/p><\/div><\/div><\/div>","protected":false},"excerpt":{"rendered":"<p>Sandra Grunauer &amp; eco-sustainable architecture Hello! I\u2019m Sandra Grunauer, an interior architect specialized in creating spaces that promote well-being and [&hellip;]<\/p>","protected":false},"author":1,"featured_media":0,"parent":0,"menu_order":0,"comment_status":"closed","ping_status":"closed","template":"","meta":{"site-sidebar-layout":"default","site-content-layout":"","ast-site-content-layout":"","site-content-style":"default","site-sidebar-style":"default","ast-global-header-display":"","ast-banner-title-visibility":"","ast-main-header-display":"","ast-hfb-above-header-display":"","ast-hfb-below-header-display":"","ast-hfb-mobile-header-display":"","site-post-title":"disabled","ast-breadcrumbs-content":"","ast-featured-img":"","footer-sml-layout":"","theme-transparent-header-meta":"","adv-header-id-meta":"","stick-header-meta":"","header-above-stick-meta":"","header-main-stick-meta":"","header-below-stick-meta":"","astra-migrate-meta-layouts":"default","ast-page-background-enabled":"default","ast-page-background-meta":{"desktop":{"background-color":"var(--ast-global-color-4)","background-image":"","background-repeat":"repeat","background-position":"center center","background-size":"auto","background-attachment":"scroll","background-type":"","background-media":"","overlay-type":"","overlay-color":"","overlay-opacity":"","overlay-gradient":""},"tablet":{"background-color":"","background-image":"","background-repeat":"repeat","background-position":"center center","background-size":"auto","background-attachment":"scroll","background-type":"","background-media":"","overlay-type":"","overlay-color":"","overlay-opacity":"","overlay-gradient":""},"mobile":{"background-color":"","background-image":"","background-repeat":"repeat","background-position":"center center","background-size":"auto","background-attachment":"scroll","background-type":"","background-media":"","overlay-type":"","overlay-color":"","overlay-opacity":"","overlay-gradient":""}},"ast-content-background-meta":{"desktop":{"background-color":"var(--ast-global-color-5)","background-image":"","background-repeat":"repeat","background-position":"center center","background-size":"auto","background-attachment":"scroll","background-type":"","background-media":"","overlay-type":"","overlay-color":"","overlay-opacity":"","overlay-gradient":""},"tablet":{"background-color":"var(--ast-global-color-5)","background-image":"","background-repeat":"repeat","background-position":"center center","background-size":"auto","background-attachment":"scroll","background-type":"","background-media":"","overlay-type":"","overlay-color":"","overlay-opacity":"","overlay-gradient":""},"mobile":{"background-color":"var(--ast-global-color-5)","background-image":"","background-repeat":"repeat","background-position":"center center","background-size":"auto","background-attachment":"scroll","background-type":"","background-media":"","overlay-type":"","overlay-color":"","overlay-opacity":"","overlay-gradient":""}},"footnotes":""},"class_list":["post-28985","page","type-page","status-publish","hentry"],"_links":{"self":[{"href":"https:\/\/preprod.ambientodeco.com\/fr\/wp-json\/wp\/v2\/pages\/28985","targetHints":{"allow":["GET"]}}],"collection":[{"href":"https:\/\/preprod.ambientodeco.com\/fr\/wp-json\/wp\/v2\/pages"}],"about":[{"href":"https:\/\/preprod.ambientodeco.com\/fr\/wp-json\/wp\/v2\/types\/page"}],"author":[{"embeddable":true,"href":"https:\/\/preprod.ambientodeco.com\/fr\/wp-json\/wp\/v2\/users\/1"}],"replies":[{"embeddable":true,"href":"https:\/\/preprod.ambientodeco.com\/fr\/wp-json\/wp\/v2\/comments?post=28985"}],"version-history":[{"count":71,"href":"https:\/\/preprod.ambientodeco.com\/fr\/wp-json\/wp\/v2\/pages\/28985\/revisions"}],"predecessor-version":[{"id":32159,"href":"https:\/\/preprod.ambientodeco.com\/fr\/wp-json\/wp\/v2\/pages\/28985\/revisions\/32159"}],"wp:attachment":[{"href":"https:\/\/preprod.ambientodeco.com\/fr\/wp-json\/wp\/v2\/media?parent=28985"}],"curies":[{"name":"wp","href":"https:\/\/api.w.org\/{rel}","templated":true}]}}