{"id":32041,"date":"2025-01-21T21:07:24","date_gmt":"2025-01-21T20:07:24","guid":{"rendered":"https:\/\/preprod.ambientodeco.com\/?page_id=32041"},"modified":"2025-01-21T21:08:26","modified_gmt":"2025-01-21T20:08:26","slug":"the-birth-of-the-eco-shop","status":"publish","type":"page","link":"https:\/\/preprod.ambientodeco.com\/fr\/the-birth-of-the-eco-shop\/","title":{"rendered":"La naissance de l'Eco-Shop"},"content":{"rendered":"<div class=\"wp-block-media-text is-stacked-on-mobile\" style=\"grid-template-columns:40% auto\"><figure class=\"wp-block-media-text__media\"><img loading=\"lazy\" decoding=\"async\" width=\"759\" height=\"1024\" src=\"https:\/\/preprod.ambientodeco.com\/wp-content\/uploads\/2025\/01\/Sandra-1a-759x1024.png\" alt=\"Sandra Grunauer from Ambiento D\u00e9co\" class=\"wp-image-32042 size-full\" srcset=\"https:\/\/preprod.ambientodeco.com\/wp-content\/uploads\/2025\/01\/Sandra-1a-759x1024.png 759w, https:\/\/preprod.ambientodeco.com\/wp-content\/uploads\/2025\/01\/Sandra-1a-222x300.png 222w, https:\/\/preprod.ambientodeco.com\/wp-content\/uploads\/2025\/01\/Sandra-1a-768x1037.png 768w, https:\/\/preprod.ambientodeco.com\/wp-content\/uploads\/2025\/01\/Sandra-1a-9x12.png 9w, https:\/\/preprod.ambientodeco.com\/wp-content\/uploads\/2025\/01\/Sandra-1a-18x24.png 18w, https:\/\/preprod.ambientodeco.com\/wp-content\/uploads\/2025\/01\/Sandra-1a-27x36.png 27w, https:\/\/preprod.ambientodeco.com\/wp-content\/uploads\/2025\/01\/Sandra-1a-36x48.png 36w, https:\/\/preprod.ambientodeco.com\/wp-content\/uploads\/2025\/01\/Sandra-1a-600x810.png 600w, https:\/\/preprod.ambientodeco.com\/wp-content\/uploads\/2025\/01\/Sandra-1a.png 800w\" sizes=\"auto, (max-width: 759px) 100vw, 759px\" \/><\/figure><div class=\"wp-block-media-text__content\"><p class=\"has-large-font-size\" style=\"font-style:normal;font-weight:700\">La naissance de l'Eco-Shop<\/p>\n\n<p>\"J'adore collectionner des objets et imaginer comment leur donner une nouvelle vie.\"<\/p>\n\n<p>Mon approche cr\u00e9ative et artistique me pousse \u00e9galement \u00e0 cr\u00e9er des pi\u00e8ces d\u00e9coratives uniques, en utilisant des objets r\u00e9cup\u00e9r\u00e9s et en les transformant en v\u00e9ritables \u0153uvres d'art.<\/p>\n\n<p>De plus, j'anime des ateliers de cr\u00e9ativit\u00e9 pour les enfants, les adultes et les entreprises, en utilisant toujours des mat\u00e9riaux recycl\u00e9s afin de sensibiliser \u00e0 l'importance de r\u00e9duire les d\u00e9chets et de promouvoir une consommation responsable.<\/p>\n\n<p><strong>D\u00e9couvrez l'Art de la R\u00e9cup\u00e9ration, Chaque Cr\u00e9ation Raconte une Histoire<\/strong><\/p>\n\n<p>Dans ma galerie, chaque cr\u00e9ation raconte une histoire unique. Ici, vous pouvez distinguer les mat\u00e9riaux dont mes pi\u00e8ces sont faites, r\u00e9v\u00e9lant leur pass\u00e9 et les transformant en quelque chose de nouveau et d'extraordinaire.<\/p>\n\n<p>Mon objectif est d'\u00e9tablir une nouvelle tendance en d\u00e9coration : des pi\u00e8ces exclusives, con\u00e7ues \u00e0 partir de la r\u00e9cup\u00e9ration. Cela va bien au-del\u00e0 de ce que l'on trouve dans un march\u00e9 aux puces. Ce que je propose ce sont des \u0153uvres d'art uniques, cr\u00e9\u00e9es avec passion et intention \u00e0 partir de mat\u00e9riaux r\u00e9cup\u00e9r\u00e9s.<\/p>\n\n<p>Chaque pi\u00e8ce est un m\u00e9lange de cr\u00e9ativit\u00e9, de durabilit\u00e9 et de style, con\u00e7ue pour transformer les espaces et sensibiliser. Osez d\u00e9corer avec du sens.<\/p><\/div><\/div><p><\/p>","protected":false},"excerpt":{"rendered":"<p>The Birth of the Eco-Shop &#8220;I love collecting objects and imagining how to give them a new life.&#8221; My creative [&hellip;]<\/p>","protected":false},"author":1,"featured_media":0,"parent":0,"menu_order":0,"comment_status":"closed","ping_status":"closed","template":"","meta":{"site-sidebar-layout":"default","site-content-layout":"","ast-site-content-layout":"","site-content-style":"default","site-sidebar-style":"default","ast-global-header-display":"","ast-banner-title-visibility":"","ast-main-header-display":"","ast-hfb-above-header-display":"","ast-hfb-below-header-display":"","ast-hfb-mobile-header-display":"","site-post-title":"disabled","ast-breadcrumbs-content":"","ast-featured-img":"","footer-sml-layout":"","theme-transparent-header-meta":"","adv-header-id-meta":"","stick-header-meta":"","header-above-stick-meta":"","header-main-stick-meta":"","header-below-stick-meta":"","astra-migrate-meta-layouts":"default","ast-page-background-enabled":"default","ast-page-background-meta":{"desktop":{"background-color":"var(--ast-global-color-4)","background-image":"","background-repeat":"repeat","background-position":"center center","background-size":"auto","background-attachment":"scroll","background-type":"","background-media":"","overlay-type":"","overlay-color":"","overlay-opacity":"","overlay-gradient":""},"tablet":{"background-color":"","background-image":"","background-repeat":"repeat","background-position":"center center","background-size":"auto","background-attachment":"scroll","background-type":"","background-media":"","overlay-type":"","overlay-color":"","overlay-opacity":"","overlay-gradient":""},"mobile":{"background-color":"","background-image":"","background-repeat":"repeat","background-position":"center center","background-size":"auto","background-attachment":"scroll","background-type":"","background-media":"","overlay-type":"","overlay-color":"","overlay-opacity":"","overlay-gradient":""}},"ast-content-background-meta":{"desktop":{"background-color":"var(--ast-global-color-5)","background-image":"","background-repeat":"repeat","background-position":"center center","background-size":"auto","background-attachment":"scroll","background-type":"","background-media":"","overlay-type":"","overlay-color":"","overlay-opacity":"","overlay-gradient":""},"tablet":{"background-color":"var(--ast-global-color-5)","background-image":"","background-repeat":"repeat","background-position":"center center","background-size":"auto","background-attachment":"scroll","background-type":"","background-media":"","overlay-type":"","overlay-color":"","overlay-opacity":"","overlay-gradient":""},"mobile":{"background-color":"var(--ast-global-color-5)","background-image":"","background-repeat":"repeat","background-position":"center center","background-size":"auto","background-attachment":"scroll","background-type":"","background-media":"","overlay-type":"","overlay-color":"","overlay-opacity":"","overlay-gradient":""}},"footnotes":""},"class_list":["post-32041","page","type-page","status-publish","hentry"],"_links":{"self":[{"href":"https:\/\/preprod.ambientodeco.com\/fr\/wp-json\/wp\/v2\/pages\/32041","targetHints":{"allow":["GET"]}}],"collection":[{"href":"https:\/\/preprod.ambientodeco.com\/fr\/wp-json\/wp\/v2\/pages"}],"about":[{"href":"https:\/\/preprod.ambientodeco.com\/fr\/wp-json\/wp\/v2\/types\/page"}],"author":[{"embeddable":true,"href":"https:\/\/preprod.ambientodeco.com\/fr\/wp-json\/wp\/v2\/users\/1"}],"replies":[{"embeddable":true,"href":"https:\/\/preprod.ambientodeco.com\/fr\/wp-json\/wp\/v2\/comments?post=32041"}],"version-history":[{"count":2,"href":"https:\/\/preprod.ambientodeco.com\/fr\/wp-json\/wp\/v2\/pages\/32041\/revisions"}],"predecessor-version":[{"id":32058,"href":"https:\/\/preprod.ambientodeco.com\/fr\/wp-json\/wp\/v2\/pages\/32041\/revisions\/32058"}],"wp:attachment":[{"href":"https:\/\/preprod.ambientodeco.com\/fr\/wp-json\/wp\/v2\/media?parent=32041"}],"curies":[{"name":"wp","href":"https:\/\/api.w.org\/{rel}","templated":true}]}}